{"id":378,"date":"2025-03-27T14:38:15","date_gmt":"2025-03-27T14:38:15","guid":{"rendered":"https:\/\/koszijolvagyok.hu\/?page_id=378"},"modified":"2025-03-28T11:28:45","modified_gmt":"2025-03-28T11:28:45","slug":"impresszum","status":"publish","type":"page","link":"https:\/\/koszijolvagyok.hu\/uk\/impresszum\/","title":{"rendered":"\u0406\u043c\u043f\u0440\u0435\u0441\u0443\u043c"},"content":{"rendered":"<div data-elementor-type=\"wp-page\" data-elementor-id=\"378\" class=\"elementor elementor-378\" data-elementor-post-type=\"page\">\n\t\t\t\t<header class=\"elementor-element elementor-element-3902b379 e-con-full e-flex e-con e-parent\" data-id=\"3902b379\" data-element_type=\"container\" data-settings=\"{&quot;background_background&quot;:&quot;classic&quot;}\">\n\t\t<div class=\"elementor-element elementor-element-6e0c0381 e-con-full e-flex e-con e-child\" data-id=\"6e0c0381\" data-element_type=\"container\">\n\t\t\t\t<div class=\"elementor-element elementor-element-3fad1a9b elementor-widget elementor-widget-image\" data-id=\"3fad1a9b\" data-element_type=\"widget\" data-widget_type=\"image.default\">\n\t\t\t\t<div class=\"elementor-widget-container\">\n\t\t\t\t\t\t\t\t\t\t\t\t\t\t\t\t<a href=\"https:\/\/koszijolvagyok.hu\/uk\">\n\t\t\t\t\t\t\t<img fetchpriority=\"high\" decoding=\"async\" width=\"1470\" height=\"424\" src=\"https:\/\/koszijolvagyok.hu\/wp-content\/uploads\/2025\/03\/logo-1.png\" class=\"attachment-full size-full wp-image-115\" alt=\"\" srcset=\"https:\/\/koszijolvagyok.hu\/wp-content\/uploads\/2025\/03\/logo-1.png 1470w, https:\/\/koszijolvagyok.hu\/wp-content\/uploads\/2025\/03\/logo-1-300x87.png 300w, https:\/\/koszijolvagyok.hu\/wp-content\/uploads\/2025\/03\/logo-1-1024x295.png 1024w, https:\/\/koszijolvagyok.hu\/wp-content\/uploads\/2025\/03\/logo-1-768x222.png 768w\" sizes=\"(max-width: 1470px) 100vw, 1470px\" \/>\t\t\t\t\t\t\t\t<\/a>\n\t\t\t\t\t\t\t\t\t\t\t\t\t\t\t<\/div>\n\t\t\t\t<\/div>\n\t\t\t\t<\/div>\n\t\t<div class=\"elementor-element elementor-element-317969f5 e-con-full e-flex e-con e-child\" data-id=\"317969f5\" data-element_type=\"container\">\n\t\t\t\t<div class=\"elementor-element elementor-element-f3cb48b elementor-widget elementor-widget-button\" data-id=\"f3cb48b\" data-element_type=\"widget\" data-widget_type=\"button.default\">\n\t\t\t\t<div class=\"elementor-widget-container\">\n\t\t\t\t\t\t\t\t\t<div class=\"elementor-button-wrapper\">\n\t\t\t\t\t<a class=\"elementor-button elementor-button-link elementor-size-sm\" href=\"https:\/\/koszijolvagyok.hu\/uk\/\">\n\t\t\t\t\t\t<span class=\"elementor-button-content-wrapper\">\n\t\t\t\t\t\t<span class=\"elementor-button-icon\">\n\t\t\t\t<svg aria-hidden=\"true\" class=\"e-font-icon-svg e-fas-arrow-alt-circle-left\" viewbox=\"0 0 512 512\" xmlns=\"http:\/\/www.w3.org\/2000\/svg\"><path d=\"M256 504C119 504 8 393 8 256S119 8 256 8s248 111 248 248-111 248-248 248zm116-292H256v-70.9c0-10.7-13-16.1-20.5-8.5L121.2 247.5c-4.7 4.7-4.7 12.2 0 16.9l114.3 114.9c7.6 7.6 20.5 2.2 20.5-8.5V300h116c6.6 0 12-5.4 12-12v-64c0-6.6-5.4-12-12-12z\"><\/path><\/svg>\t\t\t<\/span>\n\t\t\t\t\t\t\t\t\t<span class=\"elementor-button-text\">Vissza a F\u0151oldalra<\/span>\n\t\t\t\t\t<\/span>\n\t\t\t\t\t<\/a>\n\t\t\t\t<\/div>\n\t\t\t\t\t\t\t\t<\/div>\n\t\t\t\t<\/div>\n\t\t\t\t<\/div>\n\t\t\t\t<\/header>\n\t\t<div class=\"elementor-element elementor-element-55fa120 e-flex e-con-boxed e-con e-parent\" data-id=\"55fa120\" data-element_type=\"container\">\n\t\t\t\t\t<div class=\"e-con-inner\">\n\t\t\t\t<div class=\"elementor-element elementor-element-bb4b248 elementor-widget elementor-widget-heading\" data-id=\"bb4b248\" data-element_type=\"widget\" data-widget_type=\"heading.default\">\n\t\t\t\t<div class=\"elementor-widget-container\">\n\t\t\t\t\t<h2 class=\"elementor-heading-title elementor-size-default\">\u0406\u043c\u043f\u0440\u0435\u0441\u0443\u043c<\/h2>\t\t\t\t<\/div>\n\t\t\t\t<\/div>\n\t\t\t\t<div class=\"elementor-element elementor-element-783369f elementor-widget elementor-widget-text-editor\" data-id=\"783369f\" data-element_type=\"widget\" data-widget_type=\"text-editor.default\">\n\t\t\t\t<div class=\"elementor-widget-container\">\n\t\t\t\t\t\t\t\t\t<ul><li><strong>N\u00e9v :<\/strong> Bara Andrea E.V.<\/li><li><strong>C\u00edm :<\/strong> 9086 T\u00f6lt\u00e9stava, Pet\u0151fi utca 62\/B<\/li><li><strong>Telefonsz\u00e1m :<\/strong>\u00a0+36300953698<\/li><li><strong>Ad\u00f3sz\u00e1m:<\/strong> 90886508-1-28<\/li><li><strong>Email :<\/strong> tanacsadas25@gmail.com\u00a0<\/li><\/ul><p>\u00a0<\/p><p>\u00a0<\/p><p>T\u00e1rhelyszolg\u00e1ltat\u00f3:\u00a0<\/p><p>T\u00e1rhely.Eu Kft.<br \/><a href=\"tel:+36 1 789-2-789\">+36 1 789-2-789<\/a><br \/>1097\u00a0Budapest,\u00a0K\u00f6nyves K\u00e1lm\u00e1n k\u00f6r\u00fat 12-14.<br \/><a href=\"https:\/\/tarhely.eu\/\">tarhely.eu<\/a><\/p>\t\t\t\t\t\t\t\t<\/div>\n\t\t\t\t<\/div>\n\t\t\t\t\t<\/div>\n\t\t\t\t<\/div>\n\t\t\t\t<\/div>","protected":false},"excerpt":{"rendered":"<p>Vissza a F\u0151oldalra Impresszum N\u00e9v : Bara Andrea E.V. C\u00edm : 9086 T\u00f6lt\u00e9stava, Pet\u0151fi utca 62\/B Telefonsz\u00e1m :\u00a0+36300953698 Ad\u00f3sz\u00e1m: 90886508-1-28 Email : tanacsadas25@gmail.com\u00a0 \u00a0 \u00a0 T\u00e1rhelyszolg\u00e1ltat\u00f3:\u00a0 T\u00e1rhely.Eu Kft.+36 1 789-2-7891097\u00a0Budapest,\u00a0K\u00f6nyves K\u00e1lm\u00e1n k\u00f6r\u00fat 12-14.tarhely.eu<\/p>","protected":false},"author":1,"featured_media":0,"parent":0,"menu_order":0,"comment_status":"closed","ping_status":"closed","template":"elementor_canvas","meta":{"footnotes":""},"class_list":["post-378","page","type-page","status-publish","hentry"],"yoast_head":"<!-- This site is optimized with the Yoast SEO Premium plugin v24.7 (Yoast SEO v24.7) - https:\/\/yoast.com\/wordpress\/plugins\/seo\/ -->\n<title>Impresszum - K\u00f6szi j\u00f3l vagyok! - Bara Andrea Pszichol\u00f3gus<\/title>\n<meta name=\"robots\" content=\"noindex, nofollow\" \/>\n<meta property=\"og:locale\" content=\"uk_UA\" \/>\n<meta property=\"og:type\" content=\"article\" \/>\n<meta property=\"og:title\" content=\"Impresszum\" \/>\n<meta property=\"og:description\" content=\"Vissza a F\u0151oldalra Impresszum N\u00e9v : Bara Andrea E.V. C\u00edm : 9086 T\u00f6lt\u00e9stava, Pet\u0151fi utca 62\/B Telefonsz\u00e1m :\u00a0+36300953698 Ad\u00f3sz\u00e1m: 90886508-1-28 Email : tanacsadas25@gmail.com\u00a0 \u00a0 \u00a0 T\u00e1rhelyszolg\u00e1ltat\u00f3:\u00a0 T\u00e1rhely.Eu Kft.+36 1 789-2-7891097\u00a0Budapest,\u00a0K\u00f6nyves K\u00e1lm\u00e1n k\u00f6r\u00fat 12-14.tarhely.eu\" \/>\n<meta property=\"og:url\" content=\"https:\/\/koszijolvagyok.hu\/uk\/impresszum\/\" \/>\n<meta property=\"og:site_name\" content=\"K\u00f6szi j\u00f3l vagyok! - Bara Andrea Pszichol\u00f3gus\" \/>\n<meta property=\"article:modified_time\" content=\"2025-03-28T11:28:45+00:00\" \/>\n<meta property=\"og:image\" content=\"https:\/\/koszijolvagyok.hu\/wp-content\/uploads\/2025\/03\/logo-1.png\" \/>\n\t<meta property=\"og:image:width\" content=\"1470\" \/>\n\t<meta property=\"og:image:height\" content=\"424\" \/>\n\t<meta property=\"og:image:type\" content=\"image\/png\" \/>\n<meta name=\"twitter:card\" content=\"summary_large_image\" \/>\n<meta name=\"twitter:label1\" content=\"\u041f\u0440\u0438\u0431\u043b. \u0447\u0430\u0441 \u0447\u0438\u0442\u0430\u043d\u043d\u044f\" \/>\n\t<meta name=\"twitter:data1\" content=\"1 \u0445\u0432\u0438\u043b\u0438\u043d\u0430\" \/>\n<script type=\"application\/ld+json\" class=\"yoast-schema-graph\">{\"@context\":\"https:\/\/schema.org\",\"@graph\":[{\"@type\":\"WebPage\",\"@id\":\"https:\/\/koszijolvagyok.hu\/impresszum\/\",\"url\":\"https:\/\/koszijolvagyok.hu\/impresszum\/\",\"name\":\"Impresszum - K\u00f6szi j\u00f3l vagyok! - Bara Andrea Pszichol\u00f3gus\",\"isPartOf\":{\"@id\":\"https:\/\/koszijolvagyok.hu\/#website\"},\"primaryImageOfPage\":{\"@id\":\"https:\/\/koszijolvagyok.hu\/impresszum\/#primaryimage\"},\"image\":{\"@id\":\"https:\/\/koszijolvagyok.hu\/impresszum\/#primaryimage\"},\"thumbnailUrl\":\"https:\/\/koszijolvagyok.hu\/wp-content\/uploads\/2025\/03\/logo-1.png\",\"datePublished\":\"2025-03-27T14:38:15+00:00\",\"dateModified\":\"2025-03-28T11:28:45+00:00\",\"breadcrumb\":{\"@id\":\"https:\/\/koszijolvagyok.hu\/impresszum\/#breadcrumb\"},\"inLanguage\":\"uk\",\"potentialAction\":[{\"@type\":\"ReadAction\",\"target\":[\"https:\/\/koszijolvagyok.hu\/impresszum\/\"]}]},{\"@type\":\"ImageObject\",\"inLanguage\":\"uk\",\"@id\":\"https:\/\/koszijolvagyok.hu\/impresszum\/#primaryimage\",\"url\":\"https:\/\/koszijolvagyok.hu\/wp-content\/uploads\/2025\/03\/logo-1.png\",\"contentUrl\":\"https:\/\/koszijolvagyok.hu\/wp-content\/uploads\/2025\/03\/logo-1.png\"},{\"@type\":\"BreadcrumbList\",\"@id\":\"https:\/\/koszijolvagyok.hu\/impresszum\/#breadcrumb\",\"itemListElement\":[{\"@type\":\"ListItem\",\"position\":1,\"name\":\"Home\",\"item\":\"https:\/\/koszijolvagyok.hu\/\"},{\"@type\":\"ListItem\",\"position\":2,\"name\":\"Impresszum\"}]},{\"@type\":\"WebSite\",\"@id\":\"https:\/\/koszijolvagyok.hu\/#website\",\"url\":\"https:\/\/koszijolvagyok.hu\/\",\"name\":\"K\u00f6szi j\u00f3l vagyok! - Bara Andrea Pszichol\u00f3gus\",\"description\":\"K\u00f6szi j\u00f3l vagyok! - Bara Andrea Pszichol\u00f3gus\",\"publisher\":{\"@id\":\"https:\/\/koszijolvagyok.hu\/#organization\"},\"potentialAction\":[{\"@type\":\"SearchAction\",\"target\":{\"@type\":\"EntryPoint\",\"urlTemplate\":\"https:\/\/koszijolvagyok.hu\/?s={search_term_string}\"},\"query-input\":{\"@type\":\"PropertyValueSpecification\",\"valueRequired\":true,\"valueName\":\"search_term_string\"}}],\"inLanguage\":\"uk\"},{\"@type\":\"Organization\",\"@id\":\"https:\/\/koszijolvagyok.hu\/#organization\",\"name\":\"K\u00f6szi j\u00f3l vagyok! - Bara Andrea Pszichol\u00f3gus\",\"url\":\"https:\/\/koszijolvagyok.hu\/\",\"logo\":{\"@type\":\"ImageObject\",\"inLanguage\":\"uk\",\"@id\":\"https:\/\/koszijolvagyok.hu\/#\/schema\/logo\/image\/\",\"url\":\"https:\/\/koszijolvagyok.hu\/wp-content\/uploads\/2025\/03\/site_img_web.png\",\"contentUrl\":\"https:\/\/koszijolvagyok.hu\/wp-content\/uploads\/2025\/03\/site_img_web.png\",\"width\":1459,\"height\":417,\"caption\":\"K\u00f6szi j\u00f3l vagyok! - Bara Andrea Pszichol\u00f3gus\"},\"image\":{\"@id\":\"https:\/\/koszijolvagyok.hu\/#\/schema\/logo\/image\/\"}}]}<\/script>\n<!-- \/ Yoast SEO Premium plugin. -->","yoast_head_json":{"title":"Impresszum - K\u00f6szi j\u00f3l vagyok! - Bara Andrea Pszichol\u00f3gus","robots":{"index":"noindex","follow":"nofollow"},"og_locale":"uk_UA","og_type":"article","og_title":"Impresszum","og_description":"Vissza a F\u0151oldalra Impresszum N\u00e9v : Bara Andrea E.V. C\u00edm : 9086 T\u00f6lt\u00e9stava, Pet\u0151fi utca 62\/B Telefonsz\u00e1m :\u00a0+36300953698 Ad\u00f3sz\u00e1m: 90886508-1-28 Email : tanacsadas25@gmail.com\u00a0 \u00a0 \u00a0 T\u00e1rhelyszolg\u00e1ltat\u00f3:\u00a0 T\u00e1rhely.Eu Kft.+36 1 789-2-7891097\u00a0Budapest,\u00a0K\u00f6nyves K\u00e1lm\u00e1n k\u00f6r\u00fat 12-14.tarhely.eu","og_url":"https:\/\/koszijolvagyok.hu\/uk\/impresszum\/","og_site_name":"K\u00f6szi j\u00f3l vagyok! - Bara Andrea Pszichol\u00f3gus","article_modified_time":"2025-03-28T11:28:45+00:00","og_image":[{"width":1470,"height":424,"url":"https:\/\/koszijolvagyok.hu\/wp-content\/uploads\/2025\/03\/logo-1.png","type":"image\/png"}],"twitter_card":"summary_large_image","twitter_misc":{"\u041f\u0440\u0438\u0431\u043b. \u0447\u0430\u0441 \u0447\u0438\u0442\u0430\u043d\u043d\u044f":"1 \u0445\u0432\u0438\u043b\u0438\u043d\u0430"},"schema":{"@context":"https:\/\/schema.org","@graph":[{"@type":"WebPage","@id":"https:\/\/koszijolvagyok.hu\/impresszum\/","url":"https:\/\/koszijolvagyok.hu\/impresszum\/","name":"Impresszum - K\u00f6szi j\u00f3l vagyok! - Bara Andrea Pszichol\u00f3gus","isPartOf":{"@id":"https:\/\/koszijolvagyok.hu\/#website"},"primaryImageOfPage":{"@id":"https:\/\/koszijolvagyok.hu\/impresszum\/#primaryimage"},"image":{"@id":"https:\/\/koszijolvagyok.hu\/impresszum\/#primaryimage"},"thumbnailUrl":"https:\/\/koszijolvagyok.hu\/wp-content\/uploads\/2025\/03\/logo-1.png","datePublished":"2025-03-27T14:38:15+00:00","dateModified":"2025-03-28T11:28:45+00:00","breadcrumb":{"@id":"https:\/\/koszijolvagyok.hu\/impresszum\/#breadcrumb"},"inLanguage":"uk","potentialAction":[{"@type":"ReadAction","target":["https:\/\/koszijolvagyok.hu\/impresszum\/"]}]},{"@type":"ImageObject","inLanguage":"uk","@id":"https:\/\/koszijolvagyok.hu\/impresszum\/#primaryimage","url":"https:\/\/koszijolvagyok.hu\/wp-content\/uploads\/2025\/03\/logo-1.png","contentUrl":"https:\/\/koszijolvagyok.hu\/wp-content\/uploads\/2025\/03\/logo-1.png"},{"@type":"BreadcrumbList","@id":"https:\/\/koszijolvagyok.hu\/impresszum\/#breadcrumb","itemListElement":[{"@type":"ListItem","position":1,"name":"Home","item":"https:\/\/koszijolvagyok.hu\/"},{"@type":"ListItem","position":2,"name":"Impresszum"}]},{"@type":"WebSite","@id":"https:\/\/koszijolvagyok.hu\/#website","url":"https:\/\/koszijolvagyok.hu\/","name":"K\u00f6szi j\u00f3l vagyok! - Bara Andrea Pszichol\u00f3gus","description":"K\u00f6szi j\u00f3l vagyok! - Bara Andrea Pszichol\u00f3gus","publisher":{"@id":"https:\/\/koszijolvagyok.hu\/#organization"},"potentialAction":[{"@type":"SearchAction","target":{"@type":"EntryPoint","urlTemplate":"https:\/\/koszijolvagyok.hu\/?s={search_term_string}"},"query-input":{"@type":"PropertyValueSpecification","valueRequired":true,"valueName":"search_term_string"}}],"inLanguage":"uk"},{"@type":"Organization","@id":"https:\/\/koszijolvagyok.hu\/#organization","name":"K\u00f6szi j\u00f3l vagyok! - Bara Andrea Pszichol\u00f3gus","url":"https:\/\/koszijolvagyok.hu\/","logo":{"@type":"ImageObject","inLanguage":"uk","@id":"https:\/\/koszijolvagyok.hu\/#\/schema\/logo\/image\/","url":"https:\/\/koszijolvagyok.hu\/wp-content\/uploads\/2025\/03\/site_img_web.png","contentUrl":"https:\/\/koszijolvagyok.hu\/wp-content\/uploads\/2025\/03\/site_img_web.png","width":1459,"height":417,"caption":"K\u00f6szi j\u00f3l vagyok! - Bara Andrea Pszichol\u00f3gus"},"image":{"@id":"https:\/\/koszijolvagyok.hu\/#\/schema\/logo\/image\/"}}]}},"_links":{"self":[{"href":"https:\/\/koszijolvagyok.hu\/uk\/wp-json\/wp\/v2\/pages\/378","targetHints":{"allow":["GET"]}}],"collection":[{"href":"https:\/\/koszijolvagyok.hu\/uk\/wp-json\/wp\/v2\/pages"}],"about":[{"href":"https:\/\/koszijolvagyok.hu\/uk\/wp-json\/wp\/v2\/types\/page"}],"author":[{"embeddable":true,"href":"https:\/\/koszijolvagyok.hu\/uk\/wp-json\/wp\/v2\/users\/1"}],"replies":[{"embeddable":true,"href":"https:\/\/koszijolvagyok.hu\/uk\/wp-json\/wp\/v2\/comments?post=378"}],"version-history":[{"count":10,"href":"https:\/\/koszijolvagyok.hu\/uk\/wp-json\/wp\/v2\/pages\/378\/revisions"}],"predecessor-version":[{"id":455,"href":"https:\/\/koszijolvagyok.hu\/uk\/wp-json\/wp\/v2\/pages\/378\/revisions\/455"}],"wp:attachment":[{"href":"https:\/\/koszijolvagyok.hu\/uk\/wp-json\/wp\/v2\/media?parent=378"}],"curies":[{"name":"wp","href":"https:\/\/api.w.org\/{rel}","templated":true}]}}